{"id":419,"date":"2024-03-03T16:58:52","date_gmt":"2024-03-03T15:58:52","guid":{"rendered":"https:\/\/monhabitation.be\/?page_id=419"},"modified":"2024-05-17T12:08:05","modified_gmt":"2024-05-17T10:08:05","slug":"condition-utilisation","status":"publish","type":"page","link":"https:\/\/monhabitation.be\/?page_id=419","title":{"rendered":"Conditions d&#8217;utilisation"},"content":{"rendered":"\n<p>Tout acc\u00e8s au site web de MonHabitation.be :&nbsp;<strong>www.monhabitation.be.<\/strong> ci-apr\u00e8s d\u00e9nomm\u00e9e \u00ab MonHabitation.be\u00ae&nbsp;\u00bb, et\/ou toute recherche effectu\u00e9e sur ledit site, et \/ ou toute utilisation dudit site et \/ou tout t\u00e9l\u00e9chargement d\u2019une partie du contenu dudit site par l\u2019utilisateur vaut acceptation des Conditions d\u2019Utilisation du site web de MonHabitation.be\u00ae, telles que d\u00e9finies ci-apr\u00e8s.<\/p>\n\n\n\n<p>Si vous refusez d\u2019accepter ces conditions d\u2019utilisation, nous vous remercions de ne pas parcourir le site et de ne proc\u00e9der \u00e0 aucun t\u00e9l\u00e9chargement d\u2019\u00e9l\u00e9ments y figurant. Le Site est d\u2019acc\u00e8s libre et gratuit \u00e0 tout utilisateur.\u00a0<strong>monhabitation.be<\/strong>\u00ae s\u2019efforce de mettre \u00e0 jour le contenu du Site et de d\u00e9livrer aux Utilisateurs des\u00a0<strong>informations exactes<\/strong>.<\/p>\n\n\n\n<p>MonHabitation.be\u00ae s\u2019efforce d\u2019assurer au mieux de ses possibilit\u00e9s l\u2019exactitude et la mise \u00e0 jour des informations diffus\u00e9es sur ce site, dont elle se r\u00e9serve le droit de corriger \u00e0 tout moment et sans pr\u00e9avis le contenu.<\/p>\n\n\n\n<p>Toutefois, MonHabitation.be\u00ae ne peut garantir l\u2019exactitude, la pr\u00e9cision ou l\u2019exhaustivit\u00e9 des informations mises \u00e0 disposition sur ce site. Toute erreur ou omission pourra \u00eatre notifi\u00e9e \u00e0 l\u2019adresse e-mail suivante : <a href=\"mailto:info@monhabitation.Be\">info@monhabitation.Be<\/a><\/p>\n\n\n\n<p>Toute utilisation du Site non conforme \u00e0 son esprit original et toute violation des pr\u00e9sentes stipulations pourront donner lieu \u00e0 l\u2019application des peines p\u00e9nales et civiles pr\u00e9vues par la loi.<\/p>\n\n\n\n<p><strong>Accessibilit\u00e9 du Site<\/strong>\u00a0: monhabitation.be\u00ae s\u2019efforce de maintenir accessible le Site, sans pour autant \u00eatre tenus \u00e0 aucune obligation d\u2019y parvenir, 7 jours sur 7 et 24 heures sur 24, sauf cas de force majeure, de difficult\u00e9s techniques, informatiques, ou de difficult\u00e9s li\u00e9es aux t\u00e9l\u00e9communications ind\u00e9pendantes de la volont\u00e9 de monhabitation.be\u00ae. Il est pr\u00e9cis\u00e9 qu\u2019\u00e0 des fins de maintenance, de mise \u00e0 jour, et pour toute autre raison notamment d\u2019ordre technique, l\u2019acc\u00e8s au Site pourra \u00eatre interrompu. MonHabitation.be\u00ae n\u2019est en aucun cas responsable de ces interruptions et des cons\u00e9quences qui peuvent en d\u00e9couler pour l\u2019Utilisateur.<\/p>\n\n\n\n<p>L\u2019interruption de l\u2019acc\u00e8s au site ne peut en aucun cas avoir pour cons\u00e9quence le versement de dommages et int\u00e9r\u00eats au profit de l\u2019utilisateur.<\/p>\n\n\n\n<p><strong>Liens hypertextes mis en place sur le Site<\/strong>\u00a0: monhabitation.be\u00ae n\u2019exerce aucun contr\u00f4le quant au contenu des sites tiers. L\u2019existence d\u2019un lien hypertexte entre le site web de monhabitation.be\u00ae et un site tiers ne signifie pas que monhabitation.be\u00ae assume une quelconque garantie et responsabilit\u00e9 quant \u00e0 son contenu ou l\u2019usage qui peut en \u00eatre fait. Il incombe \u00e0 l\u2019utilisateur de prendre les pr\u00e9cautions n\u00e9cessaires pour s\u2019assurer de l\u2019absence de virus sur le site visit\u00e9. Il est interdit, sans l\u2019accord \u00e9crit et pr\u00e9alable de monhabitation.be\u00ae, \u00e0 tout utilisateur du site web de monhabitation.be\u00ae de cr\u00e9er, sur n\u2019importe quel autre site web, tout lien hypertexte y compris un lien hypertexte dit \u201cprofond\u201d avec une page du site web de monhabitation.be\u00ae et de le combiner avec la technique du \u201cframing\u201d ou toute autre technique similaire permettant de renvoyer directement aux pages secondaires du site web de monhabitation.be\u00ae sans passer par sa page d\u2019accueil. Le recours \u00e0 ces sites par l\u2019Utilisateur rel\u00e8ve de la seule responsabilit\u00e9 de ce dernier.<\/p>\n\n\n\n<p><strong>Propri\u00e9t\u00e9 Intellectuelle<\/strong>\u00a0: Marques d\u00e9pos\u00e9es \u2013 Droit d\u2019auteur La marque monhabitation.be\u00ae est une marque d\u00e9pos\u00e9e par le dirigeant d\u2019entreprise. Toute reproduction de la marque sans l\u2019autorisation de ce dernier est interdite et constitutive de contrefa\u00e7on. Les r\u00e9f\u00e9rences aux produits, services et marques appartenant \u00e0 monhabitation.be\u00ae ou au dirigeant d\u2019entreprise ne sont pas exhaustives de ses droits. L\u2019acc\u00e8s au site ne conf\u00e8re aucun droit autre que celui d\u2019en visiter le contenu. La mise en ligne du pr\u00e9sent site n\u2019emporte pas licence d\u2019utilisation des marques \u00e9num\u00e9r\u00e9es ci-dessus, une telle utilisation \u00e9tant subordonn\u00e9e au consentement \u00e9crit, pr\u00e9alable et expr\u00e8s du dirigeant d\u2019entreprise. Tous les \u00e9l\u00e9ments constitutifs du pr\u00e9sent site (textes, photographies, illustrations, logo, ic\u00f4nes, fichiers disponibles en t\u00e9l\u00e9chargement, clips vid\u00e9os ou sonores, etc.) sont la propri\u00e9t\u00e9 exclusive du dirigeant d\u2019entreprise et sont, le cas \u00e9ch\u00e9ant, prot\u00e9g\u00e9s par les lois fran\u00e7aises et les textes internationaux relatifs au respect des droits d\u2019auteur. Toute repr\u00e9sentation et\/ou reproduction et\/ou exploitation partielle ou totale des contenus et services propos\u00e9s par le site monhabitation.be\u00ae, par quelque proc\u00e9d\u00e9 que ce soit, sans l\u2019autorisation pr\u00e9alable et par \u00e9crit de monhabitation.be\u00ae est strictement interdite et serait susceptible de constituer une contrefa\u00e7on au sens des articles L 335-2 et suivants du Code de la propri\u00e9t\u00e9 intellectuelle. Est notamment interdite la pr\u00e9sentation d\u2019une des pages du pr\u00e9sent site dans une page web n\u2019appartenant pas \u00e0 monhabitation.be\u00ae. De m\u00eame, la mise en place de liens hypertextes vers toute autre page que la page d\u2019accueil du pr\u00e9sent site n\u00e9cessite l\u2019accord \u00e9crit, pr\u00e9alable et expr\u00e8s de monhabitation.be\u00ae. Les informations contenues sur ce site sont non contractuelles et sujettes \u00e0 modifications sans pr\u00e9avis.<\/p>\n\n\n\n<p>Toute utilisation des \u00e9l\u00e9ments du pr\u00e9sent site \u00e0 des fins diff\u00e9rentes, notamment \u00e0 des fins publiques, commerciales ou humoristiques, fera l\u2019objet de poursuites judiciaires. Toutes les autres marques qui n\u2019appartiennent pas \u00e0 monhabitation.be\u00ae et qui apparaissent sur le site Web de monhabitation.be\u00ae appartiennent \u00e0 leurs propri\u00e9taires respectifs, qui peuvent ou non \u00eatre affili\u00e9s, li\u00e9s ou parrain\u00e9s par monhabitation.be\u00ae. Vous devez demander une autorisation sp\u00e9cifique pour utiliser \u00e0 quelque fin que ce soit l\u2019une des marques appartenant \u00e0 monhabitation.be\u00ae ou \u00e0 un tiers. Si vous avez connaissance d\u2019une violation des droits de propri\u00e9t\u00e9 intellectuelle de monhabitation.be\u00ae ou si vous pensez que des \u00e9l\u00e9ments du site Web de monhabitation.be\u00ae ont port\u00e9 atteinte \u00e0 vos droits de propri\u00e9t\u00e9 intellectuelle, veuillez envoyer un courrier \u00e9lectronique \u00e0 : contact@monhabitation.be Veillez \u00e0 inclure autant de d\u00e9tails que possible (par exemple : une description des droits de propri\u00e9t\u00e9 intellectuelle pr\u00e9sum\u00e9s enfreints, une description de la localisation du contenu que vous revendiquez, etc.). Notez que nous n\u2019ouvrirons aucune pi\u00e8ce jointe quelles que soient les circonstances.<\/p>\n\n\n\n<p><strong>Donn\u00e9es personnelles :&nbsp;<\/strong> Consulter notre politique de donn\u00e9es personnelles.<\/p>\n\n\n\n<p><strong>Utilisation de cookies<\/strong>\u00a0: Le site monhabitation.be\u00ae n\u2019utilise pas de cookies. Si \u00e0 l\u2019avenir tel \u00e9tait le cas, l\u2019utilisateur en serait inform\u00e9, lors de ses visites sur le site. En visitant le site, L\u2019internaute accepte l\u2019utilisation de cookies. Le cookie est un bloc de donn\u00e9es qui ne permet pas d\u2019identifier l\u2019utilisateur mais sert \u00e0 enregistrer des informations relatives \u00e0 la navigation de celui-ci sur le site. L\u2019utilisation de ces cookies a pour finalit\u00e9 de proc\u00e9der \u00e0 des analyses de fr\u00e9quentation, mesures d\u2019audience, des statistiques et volumes de fr\u00e9quentation et d\u2019utilisation des divers \u00e9l\u00e9ments composant le Site (rubriques et contenus visit\u00e9s, parcours) etc. afin d\u2019am\u00e9liorer la qualit\u00e9 du site, ainsi que de vous identifier lors de votre connexion sur le site et de faciliter votre participation \u00e0 certains \u00e9v\u00e8nements et activit\u00e9s sur le site. Lorsque vous visitez le site web de monhabitation.be\u00ae, ses serveurs m\u00e9morisent de fa\u00e7on standardis\u00e9e le nom de votre fournisseur d\u2019acc\u00e8s internet, la page web \u00e0 partir de laquelle vous visitez son site, les diff\u00e9rentes pages que vous consultez sur son site ainsi que la date et la dur\u00e9e de votre visite. Les donn\u00e9es collect\u00e9es sont conserv\u00e9es pendant une dur\u00e9e qui n\u2019exc\u00e8de pas la dur\u00e9e n\u00e9cessaire aux finalit\u00e9s pour lesquelles elles ont \u00e9t\u00e9 collect\u00e9es. Vous pouvez cependant vous opposer \u00e0 la mise en place de ces \u201ccookies\u201d en d\u00e9sactivant cette option dans les param\u00e8tres de votre navigateur. monhabitation.be\u00ae vous invite alors \u00e0 consulter les instructions de votre navigateur \u00e0 cet effet et vous informe qu\u2019en cas de blocage de ces cookies certaines fonctionnalit\u00e9s du site peuvent devenir indisponibles.<\/p>\n\n\n\n<p><strong>Avertissement aux utilisateurs<\/strong>\u00a0: monhabitation.be\u00ae n\u2019assume aucune obligation de suivi des informations que l\u2019utilisateur peut d\u00e9poser sur le site web de monhabitation.be\u00ae. A ce titre, l\u2019utilisateur garantit que n\u2019importe quelle information, ou \u00e9l\u00e9ment (le terme \u201c\u00e9l\u00e9ment\u201d d\u00e9signe tout projet, fichier ou autres pi\u00e8ces jointes envoy\u00e9s) ou commentaires autres que des donn\u00e9es personnelles, que l\u2019utilisateur peut transmettre \u00e0 monhabitation.be\u00ae par le site web de ce dernier, ne viole aucun droit de propri\u00e9t\u00e9 intellectuelle d\u2019un tiers ou une autre loi applicable. De telles informations, ou \u00e9l\u00e9ments ou commentaires, seront trait\u00e9s comme non-confidentiels et non-propri\u00e9taires. En soumettant ainsi n\u2019importe quelle information, \u00e9l\u00e9ment ou commentaire, l\u2019utilisateur donne \u00e0 monhabitation.be\u00ae tout droit n\u00e9cessaire, de mani\u00e8re illimit\u00e9 et irr\u00e9vocable, pour employer, ex\u00e9cuter, montrer, modifier et transmettre de telles informations, \u00e9l\u00e9ments ou commentaires, y compris n\u2019importe quel suggestion, concept ou savoir-faire. monhabitation.be\u00ae se r\u00e9serve le droit d\u2019employer de tels informations, El\u00e9ments ou commentaires de n\u2019importe quelle fa\u00e7on qu\u2019elle le choisira.<\/p>\n\n\n\n<p><strong>Interdictions<\/strong>&nbsp;: Il est interdit d\u2019utiliser le Site pour :<\/p>\n\n\n\n<p>Publier, afficher ou exprimer des opinions, avis, contenus obsc\u00e8nes, blasph\u00e9matoires, haineux ou injurieux, de consid\u00e9rations d\u2019ordre racial, ethnique, sexuel, vulgaires ou de mauvais go\u00fbt ;<\/p>\n\n\n\n<p>Tenir des propos diffamatoires, ou attentatoires \u00e0 la vie priv\u00e9e d\u2019une autre personne ;<\/p>\n\n\n\n<p>Transmettre des cha\u00eenes de lettres, des \u00ab junk mail \u00bb, du \u00ab spam \u00bb ou tout message r\u00e9p\u00e9titif ou non sollicit\u00e9 (commercial ou autre) ;<\/p>\n\n\n\n<p>Recueillir ou collecter, de quelque fa\u00e7on que ce soit, des informations concernant des tiers, notamment des adresses e-mail, sans le consentement des tiers concern\u00e9s ;<\/p>\n\n\n\n<p>Cr\u00e9er ou d\u2019exploiter de fausses identit\u00e9s ;<\/p>\n\n\n\n<p>Falsifier une adresse e-mail ou un en-t\u00eate, ou essayer d\u2019induire en erreur des tiers de quelque fa\u00e7on que ce soit quant \u00e0 l\u2019identit\u00e9 de l\u2019exp\u00e9diteur ou \u00e0 l\u2019origine du message ;<\/p>\n\n\n\n<p>Transmettre tout contenu inappropri\u00e9 tel que d\u00e9fini ci-dessous ;<\/p>\n\n\n\n<p>Transmettre tout \u00e9l\u00e9ment contenant des virus ou tout \u00e9l\u00e9ment dommageable ou nuisible au Site ou aux tiers ou encore en contravention de la loi ;<\/p>\n\n\n\n<p>Essayer d\u2019acc\u00e9der de mani\u00e8re non autoris\u00e9e aux services offerts, \u00e0 d\u2019autres comptes, syst\u00e8mes informatiques ou r\u00e9seaux connect\u00e9s au service du Site, par l\u2019usage de diff\u00e9rents mots de passe ou par tout autre moyen, ou interf\u00e9rer avec l\u2019utilisation et la jouissance du service par tout autre utilisateur ou avec l\u2019utilisation et la jouissance de services.<\/p>\n\n\n\n<p>&nbsp;<strong>Loi applicable \u2013 Ind\u00e9pendance des clauses<\/strong>&nbsp;: Toute difficult\u00e9, r\u00e9clamation ou litige provenant ou li\u00e9(e) aux pr\u00e9sentes Conditions d\u2019Utilisation sera r\u00e9gi(e) selon la loi fran\u00e7aise. LE TRIBUNAL DE COMMERCE DE BELGIQUE SERA SEUL COMPETENT. Si n\u2019importe quelle disposition de ces Conditions d\u2019Utilisation est tenue pour \u00eatre ill\u00e9gale, invalide ou inapplicable, en application d\u2019une loi, d\u2019un r\u00e8glement ou \u00e0 la suite d\u2019une d\u00e9cision d\u00e9finitive d\u2019une juridiction comp\u00e9tente, les dispositions restantes resteront en vigueur. Modification des conditions d\u2019utilisation MonHabitation.be\u00ae se r\u00e9serve le droit de modifier les Conditions d\u2019Utilisation de son site web \u00e0 tout moment et sans pr\u00e9avis. Les utilisateurs seront automatiquement li\u00e9s par ces modifications quand ils navigueront sur ce site web et devront p\u00e9riodiquement lire les Conditions d\u2019Utilisation.<\/p>\n","protected":false},"excerpt":{"rendered":"<p>Tout acc\u00e8s au site web de MonHabitation.be :&nbsp;www.monhabitation.be. ci-apr\u00e8s d\u00e9nomm\u00e9e \u00ab MonHabitation.be\u00ae&nbsp;\u00bb, et\/ou toute recherche effectu\u00e9e sur ledit site, et \/ ou toute utilisation dudit site et \/ou tout t\u00e9l\u00e9chargement d\u2019une partie du contenu dudit site par l\u2019utilisateur vaut acceptation des Conditions d\u2019Utilisation du site web de MonHabitation.be\u00ae, telles que [&hellip;]<\/p>\n","protected":false},"author":1,"featured_media":101,"parent":0,"menu_order":0,"comment_status":"closed","ping_status":"closed","template":"","meta":{"om_disable_all_campaigns":false,"_monsterinsights_skip_tracking":false,"_monsterinsights_sitenote_active":false,"_monsterinsights_sitenote_note":"","_monsterinsights_sitenote_category":0,"footnotes":""},"aioseo_notices":[],"_links":{"self":[{"href":"https:\/\/monhabitation.be\/index.php?rest_route=\/wp\/v2\/pages\/419"}],"collection":[{"href":"https:\/\/monhabitation.be\/index.php?rest_route=\/wp\/v2\/pages"}],"about":[{"href":"https:\/\/monhabitation.be\/index.php?rest_route=\/wp\/v2\/types\/page"}],"author":[{"embeddable":true,"href":"https:\/\/monhabitation.be\/index.php?rest_route=\/wp\/v2\/users\/1"}],"replies":[{"embeddable":true,"href":"https:\/\/monhabitation.be\/index.php?rest_route=%2Fwp%2Fv2%2Fcomments&post=419"}],"version-history":[{"count":3,"href":"https:\/\/monhabitation.be\/index.php?rest_route=\/wp\/v2\/pages\/419\/revisions"}],"predecessor-version":[{"id":1857,"href":"https:\/\/monhabitation.be\/index.php?rest_route=\/wp\/v2\/pages\/419\/revisions\/1857"}],"wp:featuredmedia":[{"embeddable":true,"href":"https:\/\/monhabitation.be\/index.php?rest_route=\/wp\/v2\/media\/101"}],"wp:attachment":[{"href":"https:\/\/monhabitation.be\/index.php?rest_route=%2Fwp%2Fv2%2Fmedia&parent=419"}],"curies":[{"name":"wp","href":"https:\/\/api.w.org\/{rel}","templated":true}]}}