{"id":3,"date":"2024-02-13T22:18:21","date_gmt":"2024-02-13T21:18:21","guid":{"rendered":"http:\/\/monhabitation.be\/?page_id=3"},"modified":"2024-04-20T13:17:20","modified_gmt":"2024-04-20T11:17:20","slug":"politique-de-confidentialite","status":"publish","type":"page","link":"https:\/\/monhabitation.be\/?page_id=3","title":{"rendered":"Politique de confidentialit\u00e9"},"content":{"rendered":"\n<p><strong>1 \u2013 Introduction<\/strong><\/p>\n\n\n\n<p>MonHabitation.be est attach\u00e9 au respect de la vie priv\u00e9e et accorde une grande importance au caract\u00e8re confidentiel des donn\u00e9es qu\u2019elle traite ainsi qu\u2019\u00e0 la l\u00e9gislation inh\u00e9rente \u00e0 la protection de la vie priv\u00e9e.<\/p>\n\n\n\n<p>Cette politique de confidentialit\u00e9 concerne les traitements de donn\u00e9es personnelles r\u00e9alis\u00e9s par le prestataire dans le cadre de son site web monhabitation.be et de ses activit\u00e9s, de services principalement.<\/p>\n\n\n\n<p>La pr\u00e9sente politique a pour but de pr\u00e9senter \u00e0 la personne concern\u00e9e les finalit\u00e9s et les fondements qui s\u2019appliquent aux traitements de ses donn\u00e9es personnelles.<\/p>\n\n\n\n<p><strong>2 &#8211; D\u00e9finitions&nbsp;<\/strong><\/p>\n\n\n\n<p><strong>Autorit\u00e9 de contr\u00f4le<\/strong>&nbsp;: Il s\u2019agit de l\u2019autorit\u00e9 de contr\u00f4le d\u00e9sign\u00e9e par l\u2019Etat membre en vertu de l\u2019article 51 du R\u00e8glement G\u00e9n\u00e9ral sur la Protection des Donn\u00e9es. En Belgique, il s\u2019agit de l\u2019Autorit\u00e9 de protection des donn\u00e9es (\u00ab&nbsp;APD&nbsp;\u00bb).&nbsp;<\/p>\n\n\n\n<p><strong>Prospect\/client<\/strong> : La personne physique ou morale pour laquelle le Responsable du traitement, aussi appel\u00e9 le Prestataire, offre un service ou un bien.<\/p>\n\n\n\n<p><strong>Donn\u00e9es \u00e0 caract\u00e8re personnel&nbsp;<\/strong>: Aussi simplement appel\u00e9e \u00ab&nbsp;Donn\u00e9es&nbsp;\u00bb, il s\u2019agit de toute information qui se rapporte \u00e0 une personne physique identifi\u00e9e ou identifiable (ci-apr\u00e8s d\u00e9nomm\u00e9e \u00ab Personne Concern\u00e9e \u00bb) et plus pr\u00e9cis\u00e9ment au Prospect\/Client.<\/p>\n\n\n\n<p>Par \u00ab&nbsp;personne physique identifi\u00e9e ou identifiable&nbsp;\u00bb il y a lieu d\u2019entendre la personne physique qui peut \u00eatre identifi\u00e9e, directement ou indirectement, notamment par r\u00e9f\u00e9rence \u00e0 un identifiant, tel qu\u2019un nom, un num\u00e9ro d\u2019identification, des donn\u00e9es de localisation, un identifiant en ligne, ou \u00e0 un ou plusieurs \u00e9l\u00e9ments sp\u00e9cifiques propres \u00e0 son identit\u00e9 physique, physiologique, g\u00e9n\u00e9tique, psychique, \u00e9conomique, culturelle ou sociale.<\/p>\n\n\n\n<p><strong>Donn\u00e9es sensibles<\/strong>&nbsp;: Conform\u00e9ment \u00e0 l\u2019article 9 du R\u00e8glement G\u00e9n\u00e9ral sur la Protection des Donn\u00e9es, les donn\u00e9es sensibles sont des cat\u00e9gories particuli\u00e8res de donn\u00e9es \u00e0 caract\u00e8re personnel prot\u00e9g\u00e9es par ledit R\u00e8glement. Plus pr\u00e9cis\u00e9ment, il s\u2019agit de Donn\u00e9es \u00e0 caract\u00e8re personnel li\u00e9es \u00e0 des aspects sensibles tels que l\u2019identit\u00e9 raciale ou l\u2019origine ethnique, les opinions politiques, la religion ou toutes autres croyances, la sant\u00e9 ou tout \u00e9tat pathologique, les ant\u00e9c\u00e9dents criminels, l\u2019appartenance syndicale ou encore l\u2019orientation sexuelle. En principe, le traitement de ces donn\u00e9es est interdit, sauf exception&nbsp;: les donn\u00e9es sensibles peuvent \u00eatre trait\u00e9es avec le consentement de la personne concern\u00e9e. Si la personne concern\u00e9e communique des donn\u00e9es sensibles, elle consent au Traitement de ces donn\u00e9es par le Responsable du traitement.<\/p>\n\n\n\n<p><strong>Internaute<\/strong>&nbsp;: Il s\u2019agit de la personne physique qui visite le site web et qui utilise certaines fonctionnalit\u00e9s de celui-ci.&nbsp;<\/p>\n\n\n\n<p><strong>Notification<\/strong>&nbsp;: Conform\u00e9ment \u00e0 l\u2019article 33 du R\u00e8glement G\u00e9n\u00e9ral sur la Protection des Donn\u00e9es, le Responsable de traitement doit notifier et ainsi informer l\u2019Autorit\u00e9, en cas de Violation de Donn\u00e9es.&nbsp;<\/p>\n\n\n\n<p><strong>Prospect&nbsp;<\/strong>: Une personne qui pourrait potentiellement devenir un nouveau client et qui encode ses donn\u00e9es \u00e0 caract\u00e8re personnel sur le site web pour recevoir un devis pour son projet.&nbsp;<\/p>\n\n\n\n<p><strong>Entreprise partenaire&nbsp;:<\/strong> Il s\u2019agit de la personne physique ou personne morale partenaire qui remet des devis aux prospects suite \u00e0 leur demande.&nbsp;<\/p>\n\n\n\n<p><strong>Responsable de traitement<\/strong>&nbsp;: La personne physique ou morale, l\u2019autorit\u00e9 publique, le service ou tout autre organisme qui d\u00e9termine les finalit\u00e9s et les moyens du Traitement, dans le cas pr\u00e9sent il s\u2019agit de la soci\u00e9t\u00e9 DYS \u2013 Delegate Your Services SNC inscrite \u00e0 la Banque Carrefour des Entreprises sous le num\u00e9ro 0798.210.723 et dont le si\u00e8ge social est situ\u00e9 Rue Haut Cornillon 13 \u00e0 4450 Juprelle.&nbsp;<\/p>\n\n\n\n<p><strong>Sous-traitant<\/strong>&nbsp;: la personne physique ou morale, l\u2019autorit\u00e9 publique, le service ou tout autre organisme qui traite des Donn\u00e9es \u00e0 caract\u00e8re personnel pour le compte du Responsable du traitement.<\/p>\n\n\n\n<p><strong>Traitement<\/strong>&nbsp;: Toute op\u00e9ration ou tout ensemble d\u2019op\u00e9rations effectu\u00e9es ou non \u00e0 l\u2019aide de proc\u00e9d\u00e9s automatis\u00e9s et appliqu\u00e9es \u00e0 des donn\u00e9es ou des ensembles de donn\u00e9es \u00e0 caract\u00e8re personnel, telles que la collecte, l\u2019enregistrement, l\u2019organisation, la structuration, la conservation, l\u2019adaptation ou la modification, l\u2019extraction, la consultation, l\u2019utilisation, la communication par transmission, la diffusion ou toute autre forme de mise \u00e0 disposition, le rapprochement ou l\u2019interconnexion, la limitation, l\u2019effacement ou la destruction.<\/p>\n\n\n\n<p><strong>Violation<\/strong>&nbsp;: Une violation de la s\u00e9curit\u00e9 entra\u00eenant, de mani\u00e8re accidentelle ou illicite, la destruction, la perte, l\u2019alt\u00e9ration, la divulgation non autoris\u00e9e de donn\u00e9es \u00e0 caract\u00e8re personnel transmis, conserv\u00e9es ou trait\u00e9es d\u2019une autre mani\u00e8re, ou l\u2019acc\u00e8s non autoris\u00e9 \u00e0 de telles donn\u00e9es.<\/p>\n\n\n\n<p><strong>3 \u2013 Types de donn\u00e9es collect\u00e9es \u2013 fondement l\u00e9gal \u2013 finalit\u00e9s&nbsp;<\/strong><\/p>\n\n\n\n<p>Conform\u00e9ment au R\u00e8glement G\u00e9n\u00e9ral sur la Protection des Donn\u00e9es, les donn\u00e9es sont trait\u00e9es pour des finalit\u00e9s d\u00e9termin\u00e9es et sur base des fondements l\u00e9gaux pr\u00e9vus \u00e0 l\u2019article 6 du RGPD.<\/p>\n\n\n\n<p>Si le Responsable du traitement d\u00e9cide d\u2019utiliser les donn\u00e9es pour une autre finalit\u00e9 que celle reprise dans la pr\u00e9sente politique, il fournira une information pr\u00e9alable \u00e0 la Personne concern\u00e9e au sujet de cette autre finalit\u00e9.<\/p>\n\n\n\n<p>De mani\u00e8re g\u00e9n\u00e9rale, le site internet peut \u00eatre consult\u00e9 et visit\u00e9 librement sans devoir communiquer aucune information personnelle vous concernant.<\/p>\n\n\n\n<p>Le Responsable de Traitement a la possibilit\u00e9 de traiter les donn\u00e9es \u00e0 caract\u00e8re personnel qui sont encod\u00e9es par le Prospect quand il introduit une demande pour recevoir un devis.&nbsp;<\/p>\n\n\n\n<p>Les donn\u00e9es collect\u00e9es sont en autre&nbsp;:&nbsp;<\/p>\n\n\n\n<p>&#8211; nom, pr\u00e9nom, adresse e-mail, num\u00e9ro de t\u00e9l\u00e9phone, adresse de l\u2019habitation, documents attach\u00e9s, message, adresse IP, version du navigateur.<\/p>\n\n\n\n<p>&#8211; collecte de&nbsp;statistiques de navigation afin d\u2019am\u00e9liorer le site web :&nbsp; consultez notre&nbsp;Politique cookies pour plus de d\u00e9tails sur ce traitement.&nbsp;<\/p>\n\n\n\n<p>En toute circonstance, le Responsable de Traitement s\u2019engage \u00e0 ne collecter que le minimum de donn\u00e9es strictement n\u00e9cessaires au bon fonctionnement du service fourni.&nbsp;<\/p>\n\n\n\n<p>En outre, les Donn\u00e9es sont collect\u00e9es principalement dans un but de d\u00e9livrer au prospect des devis conformes \u00e0 leur demande.&nbsp;<\/p>\n\n\n\n<p>Les Donn\u00e9es Les Donn\u00e9es peuvent notamment \u00eatre utilis\u00e9es pour la gestion des Clients et des contrats conclus avec les entreprises partenaires.&nbsp;<\/p>\n\n\n\n<p><strong>4 \u2013 Dur\u00e9e de conservation des donn\u00e9es&nbsp;<\/strong><\/p>\n\n\n\n<p>Les dur\u00e9es de conservation sont d\u00e9termin\u00e9es sur plusieurs crit\u00e8res tels que le type de traitement, la finalit\u00e9 de celui-ci, le lieu o\u00f9 sont stock\u00e9es les Donn\u00e9es, le type de Personne concern\u00e9e ou encore le type de Donn\u00e9es collect\u00e9es. La dur\u00e9e de conservation d\u2019un traitement de Donn\u00e9es particulier pourra \u00eatre communiqu\u00e9e \u00e0 la Personne concern\u00e9e qui en fait la demande.<\/p>\n\n\n\n<p>Le Responsable du traitement conserve les Donn\u00e9es le temps n\u00e9cessaire pour atteindre la finalit\u00e9 du traitement.<\/p>\n\n\n\n<p>Le Responsable du traitement conserve en tout \u00e9tat de cause les Donn\u00e9es conform\u00e9ment aux d\u00e9lais l\u00e9gaux de conservation.<\/p>\n\n\n\n<p><strong>5 \u2013 Qui collecte vos donn\u00e9es&nbsp;?<\/strong><\/p>\n\n\n\n<p>Les Donn\u00e9es sont uniquement collect\u00e9es par le Responsable du traitement, via un canal s\u00e9curis\u00e9 (chiffr\u00e9) par le biais du site internet.&nbsp;<\/p>\n\n\n\n<p><strong>6 \u2013 Partage de donn\u00e9es&nbsp;<\/strong><\/p>\n\n\n\n<p>Les Donn\u00e9es fournies par le prospect sont susceptibles d\u2019\u00eatre partag\u00e9e par le Responsable de Traitement aux entreprises partenaires afin que ces derni\u00e8res puissent remettre les devis souhait\u00e9s par le prospect.&nbsp;<\/p>\n\n\n\n<p>Les Donn\u00e9es peuvent \u00e9ventuellement \u00eatre accessibles \u00e0 des tiers en relation directe avec le Responsable du traitement, lorsque cela est n\u00e9cessaire et notamment&nbsp;:&nbsp;<\/p>\n\n\n\n<p>&#8211; Les prestataires de services choisis par le Responsable du traitement, lesquels sont en charge de l\u2019h\u00e9bergement des sites internet, la mise \u00e0 disposition d\u2019infrastructures, les services informatiques, les services de courrier \u00e9lectronique, les services d\u2019audit et tout autre service semblable afin de leur permettre de fournir lesdits services&nbsp;;<\/p>\n\n\n\n<p>&#8211; Vers un potentiel repreneur, en cas de transfert (total ou partiel) des activit\u00e9s du Responsable du traitement (fusion, vente, transfert d\u2019actifs, r\u00e9organisation judiciaire, etc.)&nbsp;;<\/p>\n\n\n\n<p>&#8211; En cas de litige, les Donn\u00e9es peuvent \u00eatre transmises \u00e0 un tiers charg\u00e9 de la gestion des litiges (cabinet d\u2019avocats, soci\u00e9t\u00e9 de recouvrement, etc.), lequel veillera \u00e9galement \u00e0 respecter la l\u00e9gislation applicable quant \u00e0 ces informations.&nbsp;<\/p>\n\n\n\n<p>Cette liste n\u2019est pas exhaustive.&nbsp;<\/p>\n\n\n\n<p><strong>7\u2013 Dispositifs de s\u00e9curit\u00e9<\/strong><\/p>\n\n\n\n<p>Le Responsable de Traitement a mis en place un certain nombre de mesures de s\u00e9curit\u00e9 adapt\u00e9es sur le plan technique et organisationnel, qu\u2019elle r\u00e9\u00e9value et actualise r\u00e9guli\u00e8rement, afin d\u2019\u00e9viter la destruction, la perte, la falsification, la modification, l\u2019acc\u00e8s non autoris\u00e9, la communication accidentelle \u00e0 des tiers, ainsi que d\u2019en assurer la s\u00e9curit\u00e9 et de garantir l\u2019utilisation correcte des informations recueillies en vue de r\u00e9aliser le traitement concern\u00e9.<\/p>\n\n\n\n<p>*Politiques internes relatives \u00e0 la protection des donn\u00e9es personnelles et \u00e0 la s\u00e9curit\u00e9 de l\u2019information.<\/p>\n\n\n\n<p>Seules les personnes travaillant avec le Responsable de Traitement peuvent acc\u00e9der aux donn\u00e9es et les traiter.&nbsp;<\/p>\n\n\n\n<p>Les membres du personnel et\/ou les collaborateurs sont tenus \u00e0 la confidentialit\u00e9 et est en outre tenu de prot\u00e9ger les informations conform\u00e9ment \u00e0 la politique en mati\u00e8re de protection de la vie priv\u00e9e et des donn\u00e9es \u00e0 caract\u00e8re personnel.&nbsp;<\/p>\n\n\n\n<p>*Contrats responsabilisant les sous-traitants concernant la protection des donn\u00e9es personnelles.<\/p>\n\n\n\n<p>Le Responsable de Traitement s\u2019assure que les sous-traitants \u00e9ventuels auxquels il fait appel ou les entreprises partenaires avec lesquelles il travaille offrent \u00e0 la protection de vos donn\u00e9es personnelles des garanties \u00e9quivalentes \u00e0 celles \u00e9nonc\u00e9es dans la pr\u00e9sente d\u00e9claration.<\/p>\n\n\n\n<p>Mais encore&nbsp;:<\/p>\n\n\n\n<p>* Chiffrement des donn\u00e9es \u00e0 caract\u00e8re personnel, notamment celles transmises via les formulaires du site web ;<\/p>\n\n\n\n<p>* Sauvegardes chiffr\u00e9es&nbsp;<\/p>\n\n\n\n<p><strong>8 \u2013 Droits des personnes concern\u00e9es (prospects\/clients)&nbsp;<\/strong><\/p>\n\n\n\n<p>\u00c0 l\u2019\u00e9gard des donn\u00e9es \u00e0 caract\u00e8re personnel qui les concernent, chaque prospect\/client dispose de&nbsp;:&nbsp;<\/p>\n\n\n\n<ul>\n<li>Un droit d\u2019acc\u00e8s (vous permettant d\u2019obtenir, sur demande, une copie gratuite des donn\u00e9es vous concernant et que nous d\u00e9tenons).<\/li>\n\n\n\n<li>Un droit \u00e0 la rectification et \u00e0 l\u2019effacement.<\/li>\n<\/ul>\n\n\n\n<p>Vous avez le droit de demander la rectification, dans les meilleurs d\u00e9lais, des donn\u00e9es \u00e0 caract\u00e8re personnel qui seraient inexactes. Si vous constatez que des donn\u00e9es \u00e0 caract\u00e8re personnel sont incompl\u00e8tes, vous avez \u00e9galement le droit de demander \u00e0 ce qu\u2019elles soient compl\u00e9t\u00e9es.<\/p>\n\n\n\n<p>Dans certains cas, vous avez le droit de demander l\u2019effacement de vos donn\u00e9es \u00e0 caract\u00e8re personnel. C\u2019est notamment le cas si&nbsp;:<\/p>\n\n\n\n<ul>\n<li>les donn\u00e9es \u00e0 caract\u00e8re personnel ne sont plus n\u00e9cessaires au regard des finalit\u00e9s pour lesquelles elles avaient \u00e9t\u00e9 collect\u00e9es ou trait\u00e9es par le responsable du traitement ;<\/li>\n\n\n\n<li>les donn\u00e9es \u00e0 caract\u00e8re personnel ont fait l\u2019objet d\u2019un traitement illicite&nbsp;;<\/li>\n\n\n\n<li>l\u2019utilisateur retire son consentement et qu\u2019il n\u2019existe pas d\u2019autre base de l\u00e9gitimation du traitement&nbsp;;<\/li>\n\n\n\n<li>l\u2019utilisateur, personne concern\u00e9e, s\u2019oppose au traitement, mais dans certains cas particuliers. Le droit \u00e0 l\u2019effacement n\u2019existe pas dans toutes les situations.<\/li>\n<\/ul>\n\n\n\n<ul>\n<li>Un droit \u00e0 la limitation du traitement (vous permettant de solliciter, aupr\u00e8s du responsable de traitement, la limitation du traitement de vos donn\u00e9es \u00e0 caract\u00e8re personnel, conform\u00e9ment \u00e0 la l\u00e9gislation applicable en mati\u00e8re de protection des donn\u00e9es.)&nbsp;;<\/li>\n<\/ul>\n\n\n\n<ul>\n<li>Un droit d\u2019opposition&nbsp;<\/li>\n<\/ul>\n\n\n\n<p>Vous avez le droit de vous opposer \u00e0 tout moment, pour des raisons tenant \u00e0 votre situation particuli\u00e8re, au traitement de vos donn\u00e9es \u00e0 caract\u00e8re personnel si le traitement est fond\u00e9 sur l\u2019article 6, \u00a7 1, e) (mission d\u2019int\u00e9r\u00eat public ou relevant de l\u2019exercice de l\u2019autorit\u00e9 public) ou f) (int\u00e9r\u00eats l\u00e9gitimes) du RGPD.&nbsp;<\/p>\n\n\n\n<p>Dans ce cas, le Responsable de Traitement doit cesser le traitement des donn\u00e9es \u00e0 caract\u00e8re personnel, \u00e0 moins que nous ne d\u00e9montrions qu\u2019il existe des motifs l\u00e9gitimes et imp\u00e9rieux pour le traitement qui pr\u00e9valent sur vos int\u00e9r\u00eats et vos droits et libert\u00e9s, ou pour la constatation, l\u2019exercice ou la d\u00e9fense de droits en justice.&nbsp;<\/p>\n\n\n\n<ul>\n<li>Un droit \u00e0 la portabilit\u00e9 des donn\u00e9es (vous permettant de demander le transfert de vos donn\u00e9es \u00e0 une autre entreprise).<\/li>\n<\/ul>\n\n\n\n<p>Dans tous les cas, le droit \u00e0 l\u2019effacement des donn\u00e9es reste d\u2019application. Ce droit n\u2019existe que si la base de l\u00e9gitimation du traitement est fond\u00e9 sur l\u2019article 6, \u00a7 1er, a) ou l\u2019article 9, \u00a7 2, a) (consentement) ou l\u2019article 6, \u00a7 1er, b) (ex\u00e9cution d\u2019un contrat) du RGPD.<\/p>\n\n\n\n<p><strong>9 \u2013 Comment faire valoir vos droits&nbsp;?&nbsp;<\/strong><\/p>\n\n\n\n<p>Toute demande peut \u00eatre transmise via l\u2019adresse mail&nbsp;:&nbsp;&nbsp;<a href=\"mailto:info@monhabitation.be\">info@monhabitation.be<\/a>&nbsp;<\/p>\n\n\n\n<p>Dans l\u2019hypoth\u00e8se o\u00f9 le suivi donn\u00e9 \u00e0 votre plainte ne convient pas, il vous est toujours possible d\u2019exercer l\u2019un des droits pr\u00e9vus ci-dessus, ou de porter plainte aupr\u00e8s de l\u2019Autorit\u00e9 de protection des donn\u00e9es.<\/p>\n\n\n\n<p>Vous pouvez la contacter de la mani\u00e8re suivante :<\/p>\n\n\n\n<p>Par t\u00e9l\u00e9phone :&nbsp;<a href=\"tel:003222744800\">(+32) (0)2 274 48 00<\/a>&nbsp;;<\/p>\n\n\n\n<p>E-mail :&nbsp;<a href=\"mailto:contact@apd-gba.be\">contact@apd-gba.be<\/a>;<\/p>\n\n\n\n<p>Formulaire de contact en ligne :&nbsp;<a href=\"https:\/\/www.autoriteprotectiondonnees.be\/contact\">https:\/\/www.autoriteprotectiondonnees.be\/contact<\/a>;<\/p>\n\n\n\n<p>Par courrier : Autorit\u00e9 de Protection des donn\u00e9es, Rue de la Presse 35, 1000 Bruxelles, Belgique.<\/p>\n\n\n\n<p><strong>10 \u2013 Clause de limite de responsabilit\u00e9&nbsp;<\/strong><\/p>\n\n\n\n<p>La responsabilit\u00e9 du Responsable de Traitement sera limit\u00e9e aux dommages directs, \u00e0 l\u2019exclusion de tout dommage indirect.<\/p>\n\n\n\n<p>Le Responsable de Traitement ne peut \u00eatre tenue responsable de tout dommage r\u00e9sultant d\u2019une manipulation ill\u00e9gitime commise par des tiers sur les donn\u00e9es \u00e0 caract\u00e8re personnel (vol de donn\u00e9es, virus, hame\u00e7onnage ou autres infractions informatiques) ainsi que d\u2019une manipulation ill\u00e9gitime commise par la personne concern\u00e9e elle-m\u00eame ou par un Sous-traitant.<\/p>\n","protected":false},"excerpt":{"rendered":"<p>1 \u2013 Introduction MonHabitation.be est attach\u00e9 au respect de la vie priv\u00e9e et accorde une grande importance au caract\u00e8re confidentiel des donn\u00e9es qu\u2019elle traite ainsi qu\u2019\u00e0 la l\u00e9gislation inh\u00e9rente \u00e0 la protection de la vie priv\u00e9e. Cette politique de confidentialit\u00e9 concerne les traitements de donn\u00e9es personnelles r\u00e9alis\u00e9s par le prestataire [&hellip;]<\/p>\n","protected":false},"author":1,"featured_media":101,"parent":0,"menu_order":0,"comment_status":"closed","ping_status":"open","template":"","meta":{"om_disable_all_campaigns":false,"_monsterinsights_skip_tracking":false,"_monsterinsights_sitenote_active":false,"_monsterinsights_sitenote_note":"","_monsterinsights_sitenote_category":0,"footnotes":""},"aioseo_notices":[],"_links":{"self":[{"href":"https:\/\/monhabitation.be\/index.php?rest_route=\/wp\/v2\/pages\/3"}],"collection":[{"href":"https:\/\/monhabitation.be\/index.php?rest_route=\/wp\/v2\/pages"}],"about":[{"href":"https:\/\/monhabitation.be\/index.php?rest_route=\/wp\/v2\/types\/page"}],"author":[{"embeddable":true,"href":"https:\/\/monhabitation.be\/index.php?rest_route=\/wp\/v2\/users\/1"}],"replies":[{"embeddable":true,"href":"https:\/\/monhabitation.be\/index.php?rest_route=%2Fwp%2Fv2%2Fcomments&post=3"}],"version-history":[{"count":5,"href":"https:\/\/monhabitation.be\/index.php?rest_route=\/wp\/v2\/pages\/3\/revisions"}],"predecessor-version":[{"id":1228,"href":"https:\/\/monhabitation.be\/index.php?rest_route=\/wp\/v2\/pages\/3\/revisions\/1228"}],"wp:featuredmedia":[{"embeddable":true,"href":"https:\/\/monhabitation.be\/index.php?rest_route=\/wp\/v2\/media\/101"}],"wp:attachment":[{"href":"https:\/\/monhabitation.be\/index.php?rest_route=%2Fwp%2Fv2%2Fmedia&parent=3"}],"curies":[{"name":"wp","href":"https:\/\/api.w.org\/{rel}","templated":true}]}}